{"id":539,"date":"2019-02-11T14:38:17","date_gmt":"2019-02-11T13:38:17","guid":{"rendered":"https:\/\/jwiedemann.eu\/wordpress\/?page_id=539"},"modified":"2025-04-12T20:32:49","modified_gmt":"2025-04-12T18:32:49","slug":"wanderung-auf-dem-e11","status":"publish","type":"page","link":"https:\/\/wordpress.jwiedemann.de\/?page_id=539","title":{"rendered":"Wanderung auf dem E11"},"content":{"rendered":"<p><img loading=\"lazy\" decoding=\"async\" class=\"size-full wp-image-557 alignleft\" src=\"https:\/\/wordpress.jwiedemann.de\/wp-content\/uploads\/2019\/02\/320px-E_11_sign.jpg\" alt=\"\" width=\"320\" height=\"249\" srcset=\"https:\/\/wordpress.jwiedemann.de\/wp-content\/uploads\/2019\/02\/320px-E_11_sign.jpg 320w, https:\/\/wordpress.jwiedemann.de\/wp-content\/uploads\/2019\/02\/320px-E_11_sign-300x233.jpg 300w\" sizes=\"auto, (max-width: 320px) 85vw, 320px\" \/><\/p>\n<p>Nunmehr steht die n\u00e4chste Fernwanderung an. Dieses Jahr (2019) m\u00f6chte ich gerne Deutschland von West nach Ost durchwandern und habe mir daf\u00fcr den E11 ausgesucht, der von Scheveningen bis zur polnischen Grenze nach Litauen f\u00fchrt.<\/p>\n<p>&nbsp;<\/p>\n<p>&nbsp;<\/p>\n<p style=\"text-align: center;\">Ich habe vor den deutschen Teil von Bad Bentheim bis nach Frankfurt an der Oder zu wandern.<\/p>\n<p><img loading=\"lazy\" decoding=\"async\" class=\"size-full wp-image-560 aligncenter\" src=\"https:\/\/wordpress.jwiedemann.de\/wp-content\/uploads\/2019\/02\/Unknown.jpeg\" alt=\"\" width=\"322\" height=\"157\" srcset=\"https:\/\/wordpress.jwiedemann.de\/wp-content\/uploads\/2019\/02\/Unknown.jpeg 322w, https:\/\/wordpress.jwiedemann.de\/wp-content\/uploads\/2019\/02\/Unknown-300x146.jpeg 300w\" sizes=\"auto, (max-width: 322px) 85vw, 322px\" \/><\/p>\n<p>&nbsp;<\/p>\n<p>&nbsp;<\/p>\n","protected":false},"excerpt":{"rendered":"<p>Nunmehr steht die n\u00e4chste Fernwanderung an. Dieses Jahr (2019) m\u00f6chte ich gerne Deutschland von West nach Ost durchwandern und habe mir daf\u00fcr den E11 ausgesucht, der von Scheveningen bis zur polnischen Grenze nach Litauen f\u00fchrt. &nbsp; &nbsp; Ich habe vor den deutschen Teil von Bad Bentheim bis nach Frankfurt an der Oder zu wandern. &nbsp; &hellip; <a href=\"https:\/\/wordpress.jwiedemann.de\/?page_id=539\" class=\"more-link\"><span class=\"screen-reader-text\">\u201eWanderung auf dem E11\u201c<\/span> weiterlesen<\/a><\/p>\n","protected":false},"author":1,"featured_media":0,"parent":817,"menu_order":0,"comment_status":"closed","ping_status":"closed","template":"","meta":{"footnotes":""},"class_list":["post-539","page","type-page","status-publish","hentry"],"_links":{"self":[{"href":"https:\/\/wordpress.jwiedemann.de\/index.php?rest_route=\/wp\/v2\/pages\/539","targetHints":{"allow":["GET"]}}],"collection":[{"href":"https:\/\/wordpress.jwiedemann.de\/index.php?rest_route=\/wp\/v2\/pages"}],"about":[{"href":"https:\/\/wordpress.jwiedemann.de\/index.php?rest_route=\/wp\/v2\/types\/page"}],"author":[{"embeddable":true,"href":"https:\/\/wordpress.jwiedemann.de\/index.php?rest_route=\/wp\/v2\/users\/1"}],"replies":[{"embeddable":true,"href":"https:\/\/wordpress.jwiedemann.de\/index.php?rest_route=%2Fwp%2Fv2%2Fcomments&post=539"}],"version-history":[{"count":6,"href":"https:\/\/wordpress.jwiedemann.de\/index.php?rest_route=\/wp\/v2\/pages\/539\/revisions"}],"predecessor-version":[{"id":566,"href":"https:\/\/wordpress.jwiedemann.de\/index.php?rest_route=\/wp\/v2\/pages\/539\/revisions\/566"}],"up":[{"embeddable":true,"href":"https:\/\/wordpress.jwiedemann.de\/index.php?rest_route=\/wp\/v2\/pages\/817"}],"wp:attachment":[{"href":"https:\/\/wordpress.jwiedemann.de\/index.php?rest_route=%2Fwp%2Fv2%2Fmedia&parent=539"}],"curies":[{"name":"wp","href":"https:\/\/api.w.org\/{rel}","templated":true}]}}