{"id":18,"date":"2018-04-27T21:29:19","date_gmt":"2018-04-27T19:29:19","guid":{"rendered":"https:\/\/jwiedemann.eu\/wordpress\/?page_id=18"},"modified":"2025-02-18T15:09:02","modified_gmt":"2025-02-18T14:09:02","slug":"18-2","status":"publish","type":"page","link":"https:\/\/wordpress.jwiedemann.de\/?page_id=18","title":{"rendered":"Wanderung auf dem E1"},"content":{"rendered":"<p><img loading=\"lazy\" decoding=\"async\" class=\"size-full wp-image-26 alignnone\" src=\"http:\/\/192.168.168.10\/wordpress\/wp-content\/uploads\/2018\/04\/karte_e1_deutschland.jpg\" alt=\"\" width=\"930\" height=\"400\" srcset=\"https:\/\/wordpress.jwiedemann.de\/wp-content\/uploads\/2018\/04\/karte_e1_deutschland.jpg 930w, https:\/\/wordpress.jwiedemann.de\/wp-content\/uploads\/2018\/04\/karte_e1_deutschland-300x129.jpg 300w, https:\/\/wordpress.jwiedemann.de\/wp-content\/uploads\/2018\/04\/karte_e1_deutschland-768x330.jpg 768w\" sizes=\"auto, (max-width: 709px) 85vw, (max-width: 909px) 67vw, (max-width: 1362px) 62vw, 840px\" \/><\/p>\n<p style=\"text-align: center;\">Im ersten Teil dieses Blog\u2019s habt ihr mich von Ende April bis Ende Juni 2018 auf meiner Wanderung auf dem E1 vom Mummelsee bis zur d\u00e4nischen Grenze begleiten k\u00f6nnen.<\/p>\n<p style=\"text-align: center;\">Im zweiten Teil habe ich dann ab Mitte August 2018 das noch fehlende St\u00fcck von der schweizerischen Seite (bei Konstanz) bis zum Mummelsee wandern k\u00f6nnen.<\/p>\n","protected":false},"excerpt":{"rendered":"<p>Im ersten Teil dieses Blog\u2019s habt ihr mich von Ende April bis Ende Juni 2018 auf meiner Wanderung auf dem E1 vom Mummelsee bis zur d\u00e4nischen Grenze begleiten k\u00f6nnen. Im zweiten Teil habe ich dann ab Mitte August 2018 das noch fehlende St\u00fcck von der schweizerischen Seite (bei Konstanz) bis zum Mummelsee wandern k\u00f6nnen.<\/p>\n","protected":false},"author":1,"featured_media":0,"parent":530,"menu_order":0,"comment_status":"closed","ping_status":"closed","template":"","meta":{"footnotes":""},"class_list":["post-18","page","type-page","status-publish","hentry"],"_links":{"self":[{"href":"https:\/\/wordpress.jwiedemann.de\/index.php?rest_route=\/wp\/v2\/pages\/18","targetHints":{"allow":["GET"]}}],"collection":[{"href":"https:\/\/wordpress.jwiedemann.de\/index.php?rest_route=\/wp\/v2\/pages"}],"about":[{"href":"https:\/\/wordpress.jwiedemann.de\/index.php?rest_route=\/wp\/v2\/types\/page"}],"author":[{"embeddable":true,"href":"https:\/\/wordpress.jwiedemann.de\/index.php?rest_route=\/wp\/v2\/users\/1"}],"replies":[{"embeddable":true,"href":"https:\/\/wordpress.jwiedemann.de\/index.php?rest_route=%2Fwp%2Fv2%2Fcomments&post=18"}],"version-history":[{"count":11,"href":"https:\/\/wordpress.jwiedemann.de\/index.php?rest_route=\/wp\/v2\/pages\/18\/revisions"}],"predecessor-version":[{"id":820,"href":"https:\/\/wordpress.jwiedemann.de\/index.php?rest_route=\/wp\/v2\/pages\/18\/revisions\/820"}],"up":[{"embeddable":true,"href":"https:\/\/wordpress.jwiedemann.de\/index.php?rest_route=\/wp\/v2\/pages\/530"}],"wp:attachment":[{"href":"https:\/\/wordpress.jwiedemann.de\/index.php?rest_route=%2Fwp%2Fv2%2Fmedia&parent=18"}],"curies":[{"name":"wp","href":"https:\/\/api.w.org\/{rel}","templated":true}]}}